{"id":4086,"date":"2024-05-24T17:52:01","date_gmt":"2024-05-24T15:52:01","guid":{"rendered":"http:\/\/matyas.niflheim.club\/?page_id=4086"},"modified":"2024-05-24T18:15:01","modified_gmt":"2024-05-24T16:15:01","slug":"radstadt-lyzarske-arealy","status":"publish","type":"page","link":"https:\/\/matyas.niflheim.club\/?page_id=4086","title":{"rendered":"Radstadt &#8211; Ly\u017ea\u0159sk\u00e9 are\u00e1ly"},"content":{"rendered":"\t\t<div data-elementor-type=\"wp-page\" data-elementor-id=\"4086\" class=\"elementor elementor-4086\">\n\t\t\t\t\t\t<header class=\"elementor-section elementor-top-section elementor-element elementor-element-c62f175 elementor-section-height-min-height elementor-section-boxed elementor-section-height-default elementor-section-items-middle\" data-id=\"c62f175\" data-element_type=\"section\" data-settings=\"{&quot;background_background&quot;:&quot;classic&quot;,&quot;shape_divider_bottom&quot;:&quot;arrow&quot;,&quot;shape_divider_bottom_negative&quot;:&quot;yes&quot;}\">\n\t\t\t\t\t\t\t<div class=\"elementor-background-overlay\"><\/div>\n\t\t\t\t\t\t<div class=\"elementor-shape elementor-shape-bottom\" data-negative=\"true\">\n\t\t\t<svg xmlns=\"http:\/\/www.w3.org\/2000\/svg\" viewBox=\"0 0 700 10\" preserveAspectRatio=\"none\">\n\t<path class=\"elementor-shape-fill\" d=\"M360 0L350 9.9 340 0 0 0 0 10 700 10 700 0\"\/>\n<\/svg>\t\t<\/div>\n\t\t\t\t\t<div class=\"elementor-container elementor-column-gap-extended\">\n\t\t\t\t\t<div class=\"elementor-column elementor-col-100 elementor-top-column elementor-element elementor-element-2db97692\" data-id=\"2db97692\" data-element_type=\"column\">\n\t\t\t<div class=\"elementor-widget-wrap elementor-element-populated\">\n\t\t\t\t\t\t<div class=\"elementor-element elementor-element-fb25f7b elementor-invisible elementor-widget elementor-widget-text-editor\" data-id=\"fb25f7b\" data-element_type=\"widget\" data-settings=\"{&quot;_animation&quot;:&quot;fadeInDown&quot;}\" data-widget_type=\"text-editor.default\">\n\t\t\t\t<div class=\"elementor-widget-container\">\n\t\t\t<style>\/*! elementor - v3.20.0 - 20-03-2024 *\/\n.elementor-widget-text-editor.elementor-drop-cap-view-stacked .elementor-drop-cap{background-color:#69727d;color:#fff}.elementor-widget-text-editor.elementor-drop-cap-view-framed .elementor-drop-cap{color:#69727d;border:3px solid;background-color:transparent}.elementor-widget-text-editor:not(.elementor-drop-cap-view-default) .elementor-drop-cap{margin-top:8px}.elementor-widget-text-editor:not(.elementor-drop-cap-view-default) .elementor-drop-cap-letter{width:1em;height:1em}.elementor-widget-text-editor .elementor-drop-cap{float:left;text-align:center;line-height:1;font-size:50px}.elementor-widget-text-editor .elementor-drop-cap-letter{display:inline-block}<\/style>\t\t\t\t<p>#ALPINWINTER<\/p>\t\t\t\t\t\t<\/div>\n\t\t\t\t<\/div>\n\t\t\t\t<div class=\"elementor-element elementor-element-a354195 elementor-invisible elementor-widget elementor-widget-heading\" data-id=\"a354195\" data-element_type=\"widget\" data-settings=\"{&quot;_animation&quot;:&quot;fadeInUp&quot;}\" data-widget_type=\"heading.default\">\n\t\t\t\t<div class=\"elementor-widget-container\">\n\t\t\t<style>\/*! elementor - v3.20.0 - 20-03-2024 *\/\n.elementor-heading-title{padding:0;margin:0;line-height:1}.elementor-widget-heading .elementor-heading-title[class*=elementor-size-]>a{color:inherit;font-size:inherit;line-height:inherit}.elementor-widget-heading .elementor-heading-title.elementor-size-small{font-size:15px}.elementor-widget-heading .elementor-heading-title.elementor-size-medium{font-size:19px}.elementor-widget-heading .elementor-heading-title.elementor-size-large{font-size:29px}.elementor-widget-heading .elementor-heading-title.elementor-size-xl{font-size:39px}.elementor-widget-heading .elementor-heading-title.elementor-size-xxl{font-size:59px}<\/style><h1 class=\"elementor-heading-title elementor-size-default\">Poznejte<\/h1>\t\t<\/div>\n\t\t\t\t<\/div>\n\t\t\t\t<div class=\"elementor-element elementor-element-635f06b9 elementor-invisible elementor-widget elementor-widget-heading\" data-id=\"635f06b9\" data-element_type=\"widget\" data-settings=\"{&quot;_animation&quot;:&quot;fadeInUp&quot;}\" data-widget_type=\"heading.default\">\n\t\t\t\t<div class=\"elementor-widget-container\">\n\t\t\t<h1 class=\"elementor-heading-title elementor-size-default\">Ly\u017ea\u0159sk\u00e9 are\u00e1ly<\/h1>\t\t<\/div>\n\t\t\t\t<\/div>\n\t\t\t\t<div class=\"elementor-element elementor-element-254ab21b elementor-hidden-phone elementor-widget elementor-widget-text-editor\" data-id=\"254ab21b\" data-element_type=\"widget\" data-widget_type=\"text-editor.default\">\n\t\t\t\t<div class=\"elementor-widget-container\">\n\t\t\t\t\t\t\t<p>P\u0159ipravujeme &#8230;<\/p>\t\t\t\t\t\t<\/div>\n\t\t\t\t<\/div>\n\t\t\t\t<div class=\"elementor-element elementor-element-5efd8ffa elementor-align-left elementor-mobile-align-center elementor-widget elementor-widget-button\" data-id=\"5efd8ffa\" data-element_type=\"widget\" data-widget_type=\"button.default\">\n\t\t\t\t<div class=\"elementor-widget-container\">\n\t\t\t\t\t<div class=\"elementor-button-wrapper\">\n\t\t\t<a class=\"elementor-button elementor-size-sm elementor-animation-sink\" role=\"button\">\n\t\t\t\t\t\t<span class=\"elementor-button-content-wrapper\">\n\t\t\t\t\t\t<span class=\"elementor-button-text\">...<\/span>\n\t\t<\/span>\n\t\t\t\t\t<\/a>\n\t\t<\/div>\n\t\t\t\t<\/div>\n\t\t\t\t<\/div>\n\t\t\t\t\t<\/div>\n\t\t<\/div>\n\t\t\t\t\t<\/div>\n\t\t<\/header>\n\t\t\t\t<section class=\"elementor-section elementor-top-section elementor-element elementor-element-3077d51 elementor-section-content-middle elementor-reverse-tablet elementor-reverse-mobile elementor-section-boxed elementor-section-height-default elementor-section-height-default\" data-id=\"3077d51\" data-element_type=\"section\" data-settings=\"{&quot;background_background&quot;:&quot;classic&quot;}\">\n\t\t\t\t\t\t<div class=\"elementor-container elementor-column-gap-extended\">\n\t\t\t\t\t<div class=\"elementor-column elementor-col-50 elementor-top-column elementor-element elementor-element-a62520a\" data-id=\"a62520a\" data-element_type=\"column\">\n\t\t\t<div class=\"elementor-widget-wrap elementor-element-populated\">\n\t\t\t\t\t\t<div class=\"elementor-element elementor-element-3fd0755 elementor-invisible elementor-widget elementor-widget-text-editor\" data-id=\"3fd0755\" data-element_type=\"widget\" data-settings=\"{&quot;_animation&quot;:&quot;fadeInDown&quot;}\" data-widget_type=\"text-editor.default\">\n\t\t\t\t<div class=\"elementor-widget-container\">\n\t\t\t\t\t\t\t<p><b>M\u00cdSTO KDE TR\u00c1V\u00cd ZIMN\u00cd DOVOLENOU RODINY &amp; MILOVN\u00cdCI LY\u017dOV\u00c1N\u00cd<\/b><\/p>\t\t\t\t\t\t<\/div>\n\t\t\t\t<\/div>\n\t\t\t\t<div class=\"elementor-element elementor-element-b7f8685 elementor-widget__width-initial elementor-invisible elementor-widget elementor-widget-heading\" data-id=\"b7f8685\" data-element_type=\"widget\" data-settings=\"{&quot;_animation&quot;:&quot;fadeInUp&quot;}\" data-widget_type=\"heading.default\">\n\t\t\t\t<div class=\"elementor-widget-container\">\n\t\t\t<h2 class=\"elementor-heading-title elementor-size-default\">LY\u017dA\u0158SK\u00dd ARE\u00c1L RADSTADT - ALTENMARKT: R\u00c1J PRO ZIMN\u00cd SPORTOVCE<\/h2>\t\t<\/div>\n\t\t\t\t<\/div>\n\t\t\t\t<div class=\"elementor-element elementor-element-130da33 elementor-widget__width-initial elementor-widget elementor-widget-text-editor\" data-id=\"130da33\" data-element_type=\"widget\" data-widget_type=\"text-editor.default\">\n\t\t\t\t<div class=\"elementor-widget-container\">\n\t\t\t\t\t\t\t<p>Co m\u016f\u017ee b\u00fdt v zim\u011b hez\u010d\u00ed, ne\u017e str\u00e1vit \u010das s celou rodinou na svahu! &#8211; Rodi\u010de si u\u017eij\u00ed carving na \u0161irok\u00fdch svaz\u00edch, d\u011bti si vyzkou\u0161\u00ed z\u00e1bavn\u00fd svah a park pro za\u010d\u00e1te\u010dn\u00edky a v\u0161ichni se t\u011b\u0161\u00ed na lah\u016fdky v horsk\u00fdch restaurac\u00edch. Ly\u017ea\u0159sk\u00fd are\u00e1l\u00a0<b>Radstadt-Altenmarkt<\/b>\u00a0je skute\u010dn\u00fdm\u00a0<b>\u201ezasv\u011bcen\u00fdm tipem\u201c<\/b>\u00a0pro rodiny a rekrea\u010dn\u00ed ly\u017ea\u0159e. Zn\u00e1m\u00e1 ly\u017ea\u0159sk\u00e1 oblast\u00a0<b>Ski amad\u00e9<\/b>\u00a0v\u00e1m nav\u00edc nab\u00edz\u00ed jedine\u010dnou ly\u017ea\u0159skou z\u00e1bavu na\u00a0<b>760 kilometrech<\/b>\u00a0sjezdovek\u00a0<b>od Salcburska a\u017e po \u0160t\u00fdrsko<\/b>: sjezdovky s m\u00edrn\u00fdm sklonem, sjezdovky FIS, snowparky, cvi\u010dn\u00e9 louky, rozs\u00e1hl\u00e9 svahy s hlubok\u00fdm sn\u011bhem a mnoho dal\u0161\u00edho. &#8211; od vrcholk\u016f alpsk\u00fdch velik\u00e1n\u016f a\u017e po hranici lesa \u2013 naleznete zde v\u0161e.<\/p>\t\t\t\t\t\t<\/div>\n\t\t\t\t<\/div>\n\t\t\t\t<div class=\"elementor-element elementor-element-3c40633 elementor-widget elementor-widget-spacer\" data-id=\"3c40633\" data-element_type=\"widget\" data-widget_type=\"spacer.default\">\n\t\t\t\t<div class=\"elementor-widget-container\">\n\t\t\t<style>\/*! elementor - v3.20.0 - 20-03-2024 *\/\n.elementor-column .elementor-spacer-inner{height:var(--spacer-size)}.e-con{--container-widget-width:100%}.e-con-inner>.elementor-widget-spacer,.e-con>.elementor-widget-spacer{width:var(--container-widget-width,var(--spacer-size));--align-self:var(--container-widget-align-self,initial);--flex-shrink:0}.e-con-inner>.elementor-widget-spacer>.elementor-widget-container,.e-con>.elementor-widget-spacer>.elementor-widget-container{height:100%;width:100%}.e-con-inner>.elementor-widget-spacer>.elementor-widget-container>.elementor-spacer,.e-con>.elementor-widget-spacer>.elementor-widget-container>.elementor-spacer{height:100%}.e-con-inner>.elementor-widget-spacer>.elementor-widget-container>.elementor-spacer>.elementor-spacer-inner,.e-con>.elementor-widget-spacer>.elementor-widget-container>.elementor-spacer>.elementor-spacer-inner{height:var(--container-widget-height,var(--spacer-size))}.e-con-inner>.elementor-widget-spacer.elementor-widget-empty,.e-con>.elementor-widget-spacer.elementor-widget-empty{position:relative;min-height:22px;min-width:22px}.e-con-inner>.elementor-widget-spacer.elementor-widget-empty .elementor-widget-empty-icon,.e-con>.elementor-widget-spacer.elementor-widget-empty .elementor-widget-empty-icon{position:absolute;top:0;bottom:0;left:0;right:0;margin:auto;padding:0;width:22px;height:22px}<\/style>\t\t<div class=\"elementor-spacer\">\n\t\t\t<div class=\"elementor-spacer-inner\"><\/div>\n\t\t<\/div>\n\t\t\t\t<\/div>\n\t\t\t\t<\/div>\n\t\t\t\t<div class=\"elementor-element elementor-element-d7840ab elementor-invisible elementor-widget elementor-widget-text-editor\" data-id=\"d7840ab\" data-element_type=\"widget\" data-settings=\"{&quot;_animation&quot;:&quot;fadeInDown&quot;}\" data-widget_type=\"text-editor.default\">\n\t\t\t\t<div class=\"elementor-widget-container\">\n\t\t\t\t\t\t\t<p><b>LY\u017dA\u0158SK\u00c1 \u201eHOUPA\u010cKA\u201c RADSTADT-ALTENMARKT V SALZBURSK\u00c9M SPORTOVN\u00cdM SV\u011aT\u011a<\/b><\/p>\t\t\t\t\t\t<\/div>\n\t\t\t\t<\/div>\n\t\t\t\t<div class=\"elementor-element elementor-element-447b944 elementor-widget__width-initial elementor-invisible elementor-widget elementor-widget-heading\" data-id=\"447b944\" data-element_type=\"widget\" data-settings=\"{&quot;_animation&quot;:&quot;fadeInUp&quot;}\" data-widget_type=\"heading.default\">\n\t\t\t\t<div class=\"elementor-widget-container\">\n\t\t\t<h2 class=\"elementor-heading-title elementor-size-default\">Ly\u017ea\u0159sk\u00fd are\u00e1l podrobn\u011b<\/h2>\t\t<\/div>\n\t\t\t\t<\/div>\n\t\t\t\t<div class=\"elementor-element elementor-element-0296f05 elementor-widget__width-initial elementor-widget elementor-widget-text-editor\" data-id=\"0296f05\" data-element_type=\"widget\" data-widget_type=\"text-editor.default\">\n\t\t\t\t<div class=\"elementor-widget-container\">\n\t\t\t\t\t\t\t<p>\u2022 Ly\u017ea\u0159sk\u00fd are\u00e1l s 17 km sjezdovek, kter\u00fd je vhodn\u00fd pro rodiny s d\u011btmi:<br \/>&#8211; 9,2 km modr\u00fdch sjezdovek pro b\u011b\u017en\u00e9 ly\u017ea\u0159e a snowboardisty<br \/>&#8211; 7,5 km \u010derven\u00fdch sjezdovek pro pokro\u010dil\u00e9 ly\u017ea\u0159e a snowboardisty<br \/>&#8211; 0,6 km \u010dern\u00fdch sjezdovek pro profesion\u00e1ly v zimn\u00edch sportech<\/p><p>\u2022 7 nejmodern\u011bj\u0161\u00edch lanovek: od 4seda\u010dkov\u00e9 po 8 nebo 10m\u00edstn\u00e9 kabinkov\u00e9 lanovky<br \/>\u2022 Snadn\u00fd p\u0159ehled o ly\u017ea\u0159sk\u00e9 oblasti a skv\u011ble upraven\u00e9 sjezdovky<br \/>\u2022 Pro ty, kte\u0159\u00ed miluj\u00ed sjezdovky: Funslope &amp; Beginner Park v Radstadtu, Fichtelland v Altenmarktu<br \/>\u2022 St\u00e1l\u00e1 m\u011b\u0159en\u00e1 tra\u0165 na Sonnenlift<br \/>\u2022 Ly\u017ea\u0159sk\u00e9 chaty a horsk\u00e9 restaurace pro va\u0161i \u00fatulnou dovolenou<br \/>\u2022 6 km dlouh\u00e1 s\u00e1\u0148ka\u0159sk\u00e1 dr\u00e1ha v ly\u017ea\u0159sk\u00e9m are\u00e1lu (snadn\u00fd v\u00fdstup s K\u00f6nigslehenbahn)<br \/>\u2022 2 ly\u017ea\u0159sk\u00e9 \u0161koly (p\u0159\u00edmo u \u00fadoln\u00ed stanice) a 3 p\u016fj\u010dovny ly\u017e\u00ed v Radstadtu<br \/>\u2022 Dom\u00e1c\u00ed ly\u017ea\u0159sk\u00fd are\u00e1l Roswitha Stadlober-Steiner, Andreas Schifferer a mistr sv\u011bta Super-G Hannes Reichelt<\/p>\t\t\t\t\t\t<\/div>\n\t\t\t\t<\/div>\n\t\t\t\t\t<\/div>\n\t\t<\/div>\n\t\t\t\t<div class=\"elementor-column elementor-col-50 elementor-top-column elementor-element elementor-element-f41e4f9\" data-id=\"f41e4f9\" data-element_type=\"column\">\n\t\t\t<div class=\"elementor-widget-wrap elementor-element-populated\">\n\t\t\t\t\t\t<div class=\"elementor-element elementor-element-8cd1c4f elementor-invisible elementor-widget elementor-widget-image\" data-id=\"8cd1c4f\" data-element_type=\"widget\" data-settings=\"{&quot;_animation&quot;:&quot;fadeIn&quot;}\" data-widget_type=\"image.default\">\n\t\t\t\t<div class=\"elementor-widget-container\">\n\t\t\t<style>\/*! elementor - v3.20.0 - 20-03-2024 *\/\n.elementor-widget-image{text-align:center}.elementor-widget-image a{display:inline-block}.elementor-widget-image a img[src$=\".svg\"]{width:48px}.elementor-widget-image img{vertical-align:middle;display:inline-block}<\/style>\t\t\t\t\t\t\t\t\t\t\t<a href=\"https:\/\/www.radstadt.com\/wp-content\/uploads\/skigebiet-radstadt-altenmarkt-tourismusverband-radstadt-markus-rohrbacher-1.jpg\" data-elementor-open-lightbox=\"yes\" data-e-action-hash=\"#elementor-action%3Aaction%3Dlightbox%26settings%3DW10%3D\">\n\t\t\t\t\t\t\t<img decoding=\"async\" src=\"https:\/\/www.radstadt.com\/wp-content\/uploads\/skigebiet-radstadt-altenmarkt-tourismusverband-radstadt-markus-rohrbacher-1.jpg\" title=\"\" alt=\"\" loading=\"lazy\" \/>\t\t\t\t\t\t\t\t<\/a>\n\t\t\t\t\t\t\t\t\t\t\t\t\t<\/div>\n\t\t\t\t<\/div>\n\t\t\t\t<div class=\"elementor-element elementor-element-f741c51 elementor-widget-mobile__width-initial elementor-widget elementor-widget-spacer\" data-id=\"f741c51\" data-element_type=\"widget\" data-widget_type=\"spacer.default\">\n\t\t\t\t<div class=\"elementor-widget-container\">\n\t\t\t\t\t<div class=\"elementor-spacer\">\n\t\t\t<div class=\"elementor-spacer-inner\"><\/div>\n\t\t<\/div>\n\t\t\t\t<\/div>\n\t\t\t\t<\/div>\n\t\t\t\t<div class=\"elementor-element elementor-element-d5d2b15 elementor-widget elementor-widget-image\" data-id=\"d5d2b15\" data-element_type=\"widget\" data-widget_type=\"image.default\">\n\t\t\t\t<div class=\"elementor-widget-container\">\n\t\t\t\t\t\t\t\t\t\t\t\t\t\t<a href=\"https:\/\/www.radstadt.com\/wp-content\/uploads\/apres-ski-tourismusverband-radstadt-markus-rohrbacher-1.jpg\" data-elementor-open-lightbox=\"yes\" data-e-action-hash=\"#elementor-action%3Aaction%3Dlightbox%26settings%3DW10%3D\">\n\t\t\t\t\t\t\t<img decoding=\"async\" src=\"https:\/\/www.radstadt.com\/wp-content\/uploads\/apres-ski-tourismusverband-radstadt-markus-rohrbacher-1.jpg\" title=\"\" alt=\"\" loading=\"lazy\" \/>\t\t\t\t\t\t\t\t<\/a>\n\t\t\t\t\t\t\t\t\t\t\t\t\t<\/div>\n\t\t\t\t<\/div>\n\t\t\t\t<div class=\"elementor-element elementor-element-9213a9a elementor-widget-mobile__width-initial elementor-widget elementor-widget-spacer\" data-id=\"9213a9a\" data-element_type=\"widget\" data-widget_type=\"spacer.default\">\n\t\t\t\t<div class=\"elementor-widget-container\">\n\t\t\t\t\t<div class=\"elementor-spacer\">\n\t\t\t<div class=\"elementor-spacer-inner\"><\/div>\n\t\t<\/div>\n\t\t\t\t<\/div>\n\t\t\t\t<\/div>\n\t\t\t\t<div class=\"elementor-element elementor-element-c52c18b elementor-invisible elementor-widget elementor-widget-image\" data-id=\"c52c18b\" data-element_type=\"widget\" data-settings=\"{&quot;_animation&quot;:&quot;fadeIn&quot;}\" data-widget_type=\"image.default\">\n\t\t\t\t<div class=\"elementor-widget-container\">\n\t\t\t\t\t\t\t\t\t\t\t\t\t\t<a href=\"https:\/\/www.radstadt.com\/wp-content\/uploads\/skigebiet-radstadt-altenmarkt-tourismusverband-radstadt-hans-huber-3.jpg\" data-elementor-open-lightbox=\"yes\" data-e-action-hash=\"#elementor-action%3Aaction%3Dlightbox%26settings%3DW10%3D\">\n\t\t\t\t\t\t\t<img decoding=\"async\" src=\"https:\/\/www.radstadt.com\/wp-content\/uploads\/skigebiet-radstadt-altenmarkt-tourismusverband-radstadt-hans-huber-3.jpg\" title=\"\" alt=\"\" loading=\"lazy\" \/>\t\t\t\t\t\t\t\t<\/a>\n\t\t\t\t\t\t\t\t\t\t\t\t\t<\/div>\n\t\t\t\t<\/div>\n\t\t\t\t\t<\/div>\n\t\t<\/div>\n\t\t\t\t\t<\/div>\n\t\t<\/section>\n\t\t\t\t<\/div>\n\t\t","protected":false},"excerpt":{"rendered":"<p>#ALPINWINTER Poznejte Ly\u017ea\u0159sk\u00e9 are\u00e1ly P\u0159ipravujeme &#8230; &#8230; M\u00cdSTO KDE TR\u00c1V\u00cd ZIMN\u00cd DOVOLENOU RODINY &amp; MILOVN\u00cdCI LY\u017dOV\u00c1N\u00cd LY\u017dA\u0158SK\u00dd ARE\u00c1L RADSTADT &#8211; ALTENMARKT: R\u00c1J PRO ZIMN\u00cd SPORTOVCE Co m\u016f\u017ee b\u00fdt v zim\u011b hez\u010d\u00ed, ne\u017e str\u00e1vit \u010das s celou rodinou na svahu! &#8211; Rodi\u010de si u\u017eij\u00ed carving na \u0161irok\u00fdch svaz\u00edch, d\u011bti si vyzkou\u0161\u00ed z\u00e1bavn\u00fd svah a park pro [&hellip;]<\/p>\n","protected":false},"author":1,"featured_media":0,"parent":0,"menu_order":0,"comment_status":"closed","ping_status":"closed","template":"","meta":{"ocean_post_layout":"full-screen","ocean_both_sidebars_style":"","ocean_both_sidebars_content_width":0,"ocean_both_sidebars_sidebars_width":0,"ocean_sidebar":"","ocean_second_sidebar":"","ocean_disable_margins":"enable","ocean_add_body_class":"","ocean_shortcode_before_top_bar":"","ocean_shortcode_after_top_bar":"","ocean_shortcode_before_header":"","ocean_shortcode_after_header":"","ocean_has_shortcode":"","ocean_shortcode_after_title":"","ocean_shortcode_before_footer_widgets":"","ocean_shortcode_after_footer_widgets":"","ocean_shortcode_before_footer_bottom":"","ocean_shortcode_after_footer_bottom":"","ocean_display_top_bar":"off","ocean_display_header":"default","ocean_header_style":"","ocean_center_header_left_menu":"","ocean_custom_header_template":"","ocean_custom_logo":0,"ocean_custom_retina_logo":0,"ocean_custom_logo_max_width":0,"ocean_custom_logo_tablet_max_width":0,"ocean_custom_logo_mobile_max_width":0,"ocean_custom_logo_max_height":0,"ocean_custom_logo_tablet_max_height":0,"ocean_custom_logo_mobile_max_height":0,"ocean_header_custom_menu":"","ocean_menu_typo_font_family":"","ocean_menu_typo_font_subset":"","ocean_menu_typo_font_size":0,"ocean_menu_typo_font_size_tablet":0,"ocean_menu_typo_font_size_mobile":0,"ocean_menu_typo_font_size_unit":"px","ocean_menu_typo_font_weight":"","ocean_menu_typo_font_weight_tablet":"","ocean_menu_typo_font_weight_mobile":"","ocean_menu_typo_transform":"","ocean_menu_typo_transform_tablet":"","ocean_menu_typo_transform_mobile":"","ocean_menu_typo_line_height":0,"ocean_menu_typo_line_height_tablet":0,"ocean_menu_typo_line_height_mobile":0,"ocean_menu_typo_line_height_unit":"","ocean_menu_typo_spacing":0,"ocean_menu_typo_spacing_tablet":0,"ocean_menu_typo_spacing_mobile":0,"ocean_menu_typo_spacing_unit":"","ocean_menu_link_color":"","ocean_menu_link_color_hover":"","ocean_menu_link_color_active":"","ocean_menu_link_background":"","ocean_menu_link_hover_background":"","ocean_menu_link_active_background":"","ocean_menu_social_links_bg":"","ocean_menu_social_hover_links_bg":"","ocean_menu_social_links_color":"","ocean_menu_social_hover_links_color":"","ocean_disable_title":"on","ocean_disable_heading":"default","ocean_post_title":"","ocean_post_subheading":"","ocean_post_title_style":"","ocean_post_title_background_color":"","ocean_post_title_background":0,"ocean_post_title_bg_image_position":"","ocean_post_title_bg_image_attachment":"","ocean_post_title_bg_image_repeat":"","ocean_post_title_bg_image_size":"","ocean_post_title_height":0,"ocean_post_title_bg_overlay":0.5,"ocean_post_title_bg_overlay_color":"","ocean_disable_breadcrumbs":"default","ocean_breadcrumbs_color":"","ocean_breadcrumbs_separator_color":"","ocean_breadcrumbs_links_color":"","ocean_breadcrumbs_links_hover_color":"","ocean_display_footer_widgets":"off","ocean_display_footer_bottom":"off","ocean_custom_footer_template":"","footnotes":""},"class_list":["post-4086","page","type-page","status-publish","hentry","entry"],"_links":{"self":[{"href":"https:\/\/matyas.niflheim.club\/index.php?rest_route=\/wp\/v2\/pages\/4086","targetHints":{"allow":["GET"]}}],"collection":[{"href":"https:\/\/matyas.niflheim.club\/index.php?rest_route=\/wp\/v2\/pages"}],"about":[{"href":"https:\/\/matyas.niflheim.club\/index.php?rest_route=\/wp\/v2\/types\/page"}],"author":[{"embeddable":true,"href":"https:\/\/matyas.niflheim.club\/index.php?rest_route=\/wp\/v2\/users\/1"}],"replies":[{"embeddable":true,"href":"https:\/\/matyas.niflheim.club\/index.php?rest_route=%2Fwp%2Fv2%2Fcomments&post=4086"}],"version-history":[{"count":13,"href":"https:\/\/matyas.niflheim.club\/index.php?rest_route=\/wp\/v2\/pages\/4086\/revisions"}],"predecessor-version":[{"id":4119,"href":"https:\/\/matyas.niflheim.club\/index.php?rest_route=\/wp\/v2\/pages\/4086\/revisions\/4119"}],"wp:attachment":[{"href":"https:\/\/matyas.niflheim.club\/index.php?rest_route=%2Fwp%2Fv2%2Fmedia&parent=4086"}],"curies":[{"name":"wp","href":"https:\/\/api.w.org\/{rel}","templated":true}]}}